{"id":1064,"date":"2023-02-21T10:04:59","date_gmt":"2023-02-21T15:04:59","guid":{"rendered":"https:\/\/sebastien.barnes-miami.com\/?page_id=1064"},"modified":"2023-02-21T10:08:54","modified_gmt":"2023-02-21T15:08:54","slug":"newsletter","status":"publish","type":"page","link":"https:\/\/sebastien.barnes-miami.com\/fr\/newsletter\/","title":{"rendered":"BULLETIN"},"content":{"rendered":"<h2 class=\"has-text-align-center\">RECEVEZ DES MISES \u00c0 JOUR INFORMATIONNELLES SUR L&#039;IMMOBILIER ET LES \u00c9V\u00c9NEMENTS DE MIAMI TOUT AU LONG DE L&#039;ANN\u00c9E<\/h2>\n\n\n\n<div class=\"wp-block-barnes-blocks-newsletter-en\"><div class=\"newsletter_wrapper\"><h3>Abonnez-vous \u00e0 notre newsletter<\/h3><form action=\"\"><div class=\"form-group\"><input type=\"text\" value=\"\" name=\"email\" pattern=\".{4,}\"\/><label>E-mail *<\/label><\/div><div><button class=\"newsletter_btn\">Envoyer<\/button><\/div><input type=\"hidden\" name=\"trp-form-language\" value=\"fr\"\/><\/form><\/div><\/div>","protected":false},"excerpt":{"rendered":"<p>RECEVEZ DES MISES \u00c0 JOUR INFORMATIONNELLES SUR L&#039;IMMOBILIER ET LES \u00c9V\u00c9NEMENTS DE MIAMI TOUT AU LONG DE L&#039;ANN\u00c9E<\/p>","protected":false},"author":1,"featured_media":0,"parent":0,"menu_order":0,"comment_status":"closed","ping_status":"closed","template":"","meta":[],"_links":{"self":[{"href":"https:\/\/sebastien.barnes-miami.com\/fr\/wp-json\/wp\/v2\/pages\/1064"}],"collection":[{"href":"https:\/\/sebastien.barnes-miami.com\/fr\/wp-json\/wp\/v2\/pages"}],"about":[{"href":"https:\/\/sebastien.barnes-miami.com\/fr\/wp-json\/wp\/v2\/types\/page"}],"author":[{"embeddable":true,"href":"https:\/\/sebastien.barnes-miami.com\/fr\/wp-json\/wp\/v2\/users\/1"}],"replies":[{"embeddable":true,"href":"https:\/\/sebastien.barnes-miami.com\/fr\/wp-json\/wp\/v2\/comments?post=1064"}],"version-history":[{"count":0,"href":"https:\/\/sebastien.barnes-miami.com\/fr\/wp-json\/wp\/v2\/pages\/1064\/revisions"}],"wp:attachment":[{"href":"https:\/\/sebastien.barnes-miami.com\/fr\/wp-json\/wp\/v2\/media?parent=1064"}],"curies":[{"name":"wp","href":"https:\/\/api.w.org\/{rel}","templated":true}]}}